{"id":11,"date":"2019-05-30T08:37:50","date_gmt":"2019-05-30T08:37:50","guid":{"rendered":"http:\/\/mbsr-janinaegert.de\/?page_id=11"},"modified":"2026-01-18T09:24:53","modified_gmt":"2026-01-18T09:24:53","slug":"mbsr-kurse-ueber-8-wochen-vertiefungsangebote-uebungsabende-in-berlin-hermsdorf-mbsr-berlin","status":"publish","type":"page","link":"http:\/\/mbsr-janinaegert.de\/?page_id=11","title":{"rendered":"Kurse"},"content":{"rendered":"\n<p class=\"has-text-align-left has-text-color\" style=\"color:#080808;font-size:22px\">MBSR-Kurse \u00fcber 8 Wochen, Vertiefungsangebote<\/p>\n\n\n\n<p class=\"has-text-color has-medium-font-size\" style=\"color:#0a0a0a\"><br><strong>MBSR-Kurse<\/strong> <strong>\u00fcber 8 Wochen<\/strong><\/p>\n\n\n<p><span style=\"color: #000000;\"><strong>26. Januar &#8211; 23. M\u00e4rz 2026 Berlin-Hermsdorf<\/strong><br \/>jeweils Mo 19.00 &#8211; 21.30 Uhr, nicht am 2. Februar wegen der Schulferien<\/span><br \/><span style=\"color: #000000;\">Dauer 2,5 &#8211; 3 Stunden<\/span><br \/><span style=\"color: #000000;\"><strong>Achtsamkeitstag:<\/strong> Samstag, 14. M\u00e4rz 2026, 10-16 Uhr<\/span><br \/><span style=\"color: #000000;\"><strong>Kursgeb\u00fchr<\/strong>: 360 Euro <\/span><br \/><span style=\"color: #000000;\">Ort: Quelle des Mitgef\u00fchls, Heidenheimer Str. 27, 13467 Berlin<\/span><\/p>\n<p><span style=\"color: #000000;\"><strong>26. Oktober &#8211; 14. Dezember 2026 Berlin-Hermsdorf<\/strong><\/span><br \/><span style=\"color: #000000;\">jeweils Mo 19.00 &#8211; 21.30 Uhr<\/span><br \/><span style=\"color: #000000;\">Dauer 2,5 &#8211; 3 Stunden<\/span><br \/><span style=\"color: #000000;\"><strong>Achtsamkeitstag:<\/strong> Samstag, 5. Dezember 2026, 10-16 Uhr<\/span><br \/><span style=\"color: #000000;\"><strong>Kursgeb\u00fchr<\/strong>: 360 Euro <\/span><br \/><span style=\"color: #000000;\">Ort: Quelle des Mitgef\u00fchls, Heidenheimer Str. 27, 13467 Berlin<\/span><\/p>\n<p><span style=\"color: #000000;\">\u00a0<\/span><\/p>\n<p class=\"has-text-color\"><span style=\"color: #000000;\">Wenn Sie Interesse an einem Kurs haben, vereinbaren Sie bitte ein kostenloses, pers\u00f6nliches Vorgespr\u00e4ch mit mir.<\/span><br \/><span style=\"color: #000000;\">Erst danach ist eine verbindliche Anmeldung f\u00fcr den Kurs m\u00f6glich.<\/span><br \/><span style=\"color: #000000;\"><strong>Kursgeb\u00fchr f\u00fcr alle 8-w\u00f6chigen Kurse: \u20ac 360,-<\/strong><\/span><br \/><span style=\"color: #000000;\">Der Kurs ist von der Zentralen Pr\u00fcfstelle Pr\u00e4vention zertifiziert.<\/span><br \/><span style=\"color: #000000;\">Gesetzlichen Krankenkassen und die Knappschaft bezuschussen die Kurse als Pr\u00e4ventionsma\u00dfnahme (75 Euro), manche BKKs zahlen bis zu 80% der Kursgeb\u00fchr.<strong><br \/>F\u00fcr Geringverdienende ist eine Reduktion m\u00f6glich. Bitte sprechen sie mich an.<\/strong><\/span><br \/><span style=\"color: #000000;\">Die Kursgeb\u00fchr beinhaltet ein individuelles Vorgespr\u00e4ch,<\/span><br \/><span style=\"color: #000000;\">8 Unterrichtstermine a zweieinhalb bis drei Stunden, Tag der Achtsamkeit von 10-16 Uhr, Kursunterlagen und 4 Downloads oder CDs mit \u00dcbungsanleitungen.<\/span><\/p>\n<p>\u00a0<\/p>\n<h3><span style=\"color: #000000;\"><strong data-rich-text-format-boundary=\"true\">Vertiefungsangebote<\/strong><\/span><\/h3>\n<h4><span style=\"color: #000000;\"><strong>Auffrischungskurs<\/strong><\/span><\/h4>\n\n\n<p class=\"has-text-color\" style=\"color:#0c0b0b\"><strong>28. Januar &#8211; 4. M\u00e4rz 2026<\/strong><br>jeweils mittwochs von 19-21.30 Uhr<br>5 Wochen mit einem<strong>&nbsp;halben Achtsamkeitstag am Samstag 21. Februar <\/strong>von 10-13 Uhr<br>Kursgeb\u00fchr: 240 \u20ac<br>Ort: Quelle des Mitgef\u00fchls, Heidenheimer Str. 27, 13467 Berlin<br>Anmeldung:  <a href=\"mailto:mbsr-janina.egert@gmx.de\">mbsr-janina.egert@gmx.de<\/a><br>Bei Bedarf kann der Unterrichtsabend auch per Zoom \u00fcbertragen werden oder wird als Videoaufnahme zur Verf\u00fcgung gestellt. <br><br><\/p>\n\n\n\n<p><br><br><br> <a href=\"http:\/\/www.mbsr-verband.de\/index.php?id=178&amp;update_ok=1\"><img decoding=\"async\" class=\"wp-image-131\" style=\"width: 150px;\" src=\"http:\/\/mbsr-janinaegert.de\/wp-content\/uploads\/2019\/08\/mbsr_mbct_eindruck_gif.gif\" alt=\"Mitglied im MBSR-Verband\"><\/a><\/p>\n\n\n\n<p class=\"has-text-color\" style=\"color:#ffffff\">MBSR-Kurse \u00fcber 8 Wochen, Vertiefungsangebote, \u00dcbungsabende             <strong><br><\/strong><\/p>\n\n\n\n<p><a href=\"http:\/\/mbsr-janinaegert.de\/?page_id=30\">Was bedeutet Achtsamkeit?<\/a><\/p>\n\n\n\n<p><a href=\"http:\/\/mbsr-janinaegert.de\/?page_id=36\">F\u00fcr wen ist der Kurs geeignet?<\/a><\/p>\n\n\n\n<p><a href=\"http:\/\/mbsr-janinaegert.de\/?page_id=32\">Was beinhaltet der 8-w\u00f6chige MBSR-Kurs?<\/a><\/p>\n\n\n\n<p><a href=\"http:\/\/www.quelle-des-mitgefuehls.de\/?Gastkurse\">Kursort in Berlin-Hermsdorf<\/a><\/p>\n\n\n\n<p><strong>         <br>         <\/strong><\/p>\n","protected":false},"excerpt":{"rendered":"<p>MBSR-Kurse \u00fcber 8 Wochen, Vertiefungsangebote MBSR-Kurse \u00fcber 8 Wochen 26. Januar &#8211; 23. M\u00e4rz 2026 Berlin-Hermsdorfjeweils Mo 19.00 &#8211; 21.30 &hellip; <\/p>\n<p><a href=\"http:\/\/mbsr-janinaegert.de\/?page_id=11\" class=\"more-link\">Weiterlesen<\/a><\/p>\n","protected":false},"author":1,"featured_media":69,"parent":0,"menu_order":0,"comment_status":"closed","ping_status":"closed","template":"","meta":[],"_links":{"self":[{"href":"http:\/\/mbsr-janinaegert.de\/index.php?rest_route=\/wp\/v2\/pages\/11"}],"collection":[{"href":"http:\/\/mbsr-janinaegert.de\/index.php?rest_route=\/wp\/v2\/pages"}],"about":[{"href":"http:\/\/mbsr-janinaegert.de\/index.php?rest_route=\/wp\/v2\/types\/page"}],"author":[{"embeddable":true,"href":"http:\/\/mbsr-janinaegert.de\/index.php?rest_route=\/wp\/v2\/users\/1"}],"replies":[{"embeddable":true,"href":"http:\/\/mbsr-janinaegert.de\/index.php?rest_route=%2Fwp%2Fv2%2Fcomments&post=11"}],"version-history":[{"count":124,"href":"http:\/\/mbsr-janinaegert.de\/index.php?rest_route=\/wp\/v2\/pages\/11\/revisions"}],"predecessor-version":[{"id":533,"href":"http:\/\/mbsr-janinaegert.de\/index.php?rest_route=\/wp\/v2\/pages\/11\/revisions\/533"}],"wp:featuredmedia":[{"embeddable":true,"href":"http:\/\/mbsr-janinaegert.de\/index.php?rest_route=\/wp\/v2\/media\/69"}],"wp:attachment":[{"href":"http:\/\/mbsr-janinaegert.de\/index.php?rest_route=%2Fwp%2Fv2%2Fmedia&parent=11"}],"curies":[{"name":"wp","href":"https:\/\/api.w.org\/{rel}","templated":true}]}}