{"id":17,"date":"2019-05-30T09:04:16","date_gmt":"2019-05-30T09:04:16","guid":{"rendered":"http:\/\/mbsr-janinaegert.de\/?page_id=17"},"modified":"2023-01-03T11:24:20","modified_gmt":"2023-01-03T11:24:20","slug":"kontakt-impressum-datenschutz","status":"publish","type":"page","link":"http:\/\/mbsr-janinaegert.de\/?page_id=17","title":{"rendered":"Kontakt"},"content":{"rendered":"\n<p class=\"has-medium-font-size\">Janina Egert<br>T. 030\/ 81 800 848 <br>mobil: 015777 5421 27<br>Email: <a href=\"mailto:mbsr-janina.egert@gmx.de\">mbsr-janina.egert@gmx.de<\/a><br>         <br>Wenn Sie Interesse an einem Kurs haben, vereinbaren Sie bitte ein kostenloses, pers\u00f6nliches Vorgespr\u00e4ch mit mir. Erst danach ist eine verbindliche Anmeldung f\u00fcr den Kurs m\u00f6glich. <br><br><\/p>\n","protected":false},"excerpt":{"rendered":"<p>Janina EgertT. 030\/ 81 800 848 mobil: 015777 5421 27Email: mbsr-janina.egert@gmx.de Wenn Sie Interesse an einem Kurs haben, vereinbaren Sie &hellip; <\/p>\n<p><a href=\"http:\/\/mbsr-janinaegert.de\/?page_id=17\" class=\"more-link\">Weiterlesen<\/a><\/p>\n","protected":false},"author":1,"featured_media":85,"parent":0,"menu_order":0,"comment_status":"closed","ping_status":"closed","template":"","meta":[],"_links":{"self":[{"href":"http:\/\/mbsr-janinaegert.de\/index.php?rest_route=\/wp\/v2\/pages\/17"}],"collection":[{"href":"http:\/\/mbsr-janinaegert.de\/index.php?rest_route=\/wp\/v2\/pages"}],"about":[{"href":"http:\/\/mbsr-janinaegert.de\/index.php?rest_route=\/wp\/v2\/types\/page"}],"author":[{"embeddable":true,"href":"http:\/\/mbsr-janinaegert.de\/index.php?rest_route=\/wp\/v2\/users\/1"}],"replies":[{"embeddable":true,"href":"http:\/\/mbsr-janinaegert.de\/index.php?rest_route=%2Fwp%2Fv2%2Fcomments&post=17"}],"version-history":[{"count":9,"href":"http:\/\/mbsr-janinaegert.de\/index.php?rest_route=\/wp\/v2\/pages\/17\/revisions"}],"predecessor-version":[{"id":437,"href":"http:\/\/mbsr-janinaegert.de\/index.php?rest_route=\/wp\/v2\/pages\/17\/revisions\/437"}],"wp:featuredmedia":[{"embeddable":true,"href":"http:\/\/mbsr-janinaegert.de\/index.php?rest_route=\/wp\/v2\/media\/85"}],"wp:attachment":[{"href":"http:\/\/mbsr-janinaegert.de\/index.php?rest_route=%2Fwp%2Fv2%2Fmedia&parent=17"}],"curies":[{"name":"wp","href":"https:\/\/api.w.org\/{rel}","templated":true}]}}