{"id":32,"date":"2019-05-30T09:29:57","date_gmt":"2019-05-30T09:29:57","guid":{"rendered":"http:\/\/mbsr-janinaegert.de\/?page_id=32"},"modified":"2019-08-14T18:34:48","modified_gmt":"2019-08-14T18:34:48","slug":"inhalte-der-kurse","status":"publish","type":"page","link":"http:\/\/mbsr-janinaegert.de\/?page_id=32","title":{"rendered":"Inhalte der Kurse"},"content":{"rendered":"\n<p>Der MBSR-Kurs erstreckt sich \u00fcber acht Wochen und beinhaltet:<br><br> \u2022 ein 2 1\/2- bis 3-st\u00fcndiges Abendseminar pro Woche,<br> \u2022 einen Achtsamkeitstag (ca. 7 Stunden),<br> \u2022 das eigene \u00dcben zu Hause an 6 Tagen der Woche (jeweils ca. 45-60 Minuten) &#8211; die Bereitschaft zum eigenen \u00dcben ist ein wichtiger Bestandteil   des Kurses, denn Achtsamkeit muss ge\u00fcbt werden, damit sich die positiven Effekte auch einstellen k\u00f6nnen,<br> \u2022 ein individuelles Vorgespr\u00e4ch, Nachgespr\u00e4ch in der Gruppe<br> \u2022 4 CDs mit \u00dcbungsanleitungen und ein Begleitheft, die in der Kursgeb\u00fchr enthalten sind<\/p>\n\n\n\n<p>Das Programm nutzt drei Grund\u00fcbungen, die in unterschiedlicher Weise die Entwicklung von Achtsamkeit f\u00f6rdern. Dieses sind:<br><br> \u2022 achtsame K\u00f6rperwahrnehmung (Body-Scan),<br> \u2022 sanfte Yoga\u00fcbungen und<br> \u2022 Sitzmeditation.<br><br> Diese werden im Verlauf des Programms erlernt und einge\u00fcbt.<\/p>\n\n\n\n<p>Ein weiterer Bestandteil des Kurses ist das \u00dcben von Achtsamkeit im Alltag. Ein Schwerpunkt ist dabei die Beobachtung von konkreten Stresssituationen und die eigene Reaktion darauf. Es werden M\u00f6glichkeiten und Wege vermittelt, wie man mit diesen Situationen hilfreich umgehen kann.<\/p>\n\n\n\n<p>Im Verlauf des Kurses gibt es Kurzvortr\u00e4ge und Gruppengespr\u00e4che zu den Themen:<br> \u2022 wie nehme ich wahr<br> \u2022 was ist Stress und wie kann ich meine Stressreaktion positiv beeinflussen<br> \u2022 Selbstakzeptanz<br> \u2022 Umgang mit schwierigen Gef\u00fchlen wie z.B. \u00c4rger und Wut, Angst, Unruhe, Traurigkeit, Hilflosigkeit\u2026<br> \u2022 achtsame Kommunikation<\/p>\n\n\n\n<p><a href=\"http:\/\/mbsr-janinaegert.de\/wp-content\/uploads\/2019\/05\/alle-berichte-MBSR_Febr-2018.pdf\">Erfahrungsberichte von TeilnehmerInnen des MBSR-Kurses<\/a><\/p>\n","protected":false},"excerpt":{"rendered":"<p>Der MBSR-Kurs erstreckt sich \u00fcber acht Wochen und beinhaltet: \u2022 ein 2 1\/2- bis 3-st\u00fcndiges Abendseminar pro Woche, \u2022 einen &hellip; <\/p>\n<p><a href=\"http:\/\/mbsr-janinaegert.de\/?page_id=32\" class=\"more-link\">Weiterlesen<\/a><\/p>\n","protected":false},"author":1,"featured_media":67,"parent":0,"menu_order":0,"comment_status":"closed","ping_status":"closed","template":"","meta":[],"_links":{"self":[{"href":"http:\/\/mbsr-janinaegert.de\/index.php?rest_route=\/wp\/v2\/pages\/32"}],"collection":[{"href":"http:\/\/mbsr-janinaegert.de\/index.php?rest_route=\/wp\/v2\/pages"}],"about":[{"href":"http:\/\/mbsr-janinaegert.de\/index.php?rest_route=\/wp\/v2\/types\/page"}],"author":[{"embeddable":true,"href":"http:\/\/mbsr-janinaegert.de\/index.php?rest_route=\/wp\/v2\/users\/1"}],"replies":[{"embeddable":true,"href":"http:\/\/mbsr-janinaegert.de\/index.php?rest_route=%2Fwp%2Fv2%2Fcomments&post=32"}],"version-history":[{"count":7,"href":"http:\/\/mbsr-janinaegert.de\/index.php?rest_route=\/wp\/v2\/pages\/32\/revisions"}],"predecessor-version":[{"id":208,"href":"http:\/\/mbsr-janinaegert.de\/index.php?rest_route=\/wp\/v2\/pages\/32\/revisions\/208"}],"wp:featuredmedia":[{"embeddable":true,"href":"http:\/\/mbsr-janinaegert.de\/index.php?rest_route=\/wp\/v2\/media\/67"}],"wp:attachment":[{"href":"http:\/\/mbsr-janinaegert.de\/index.php?rest_route=%2Fwp%2Fv2%2Fmedia&parent=32"}],"curies":[{"name":"wp","href":"https:\/\/api.w.org\/{rel}","templated":true}]}}