{"id":34,"date":"2019-05-30T09:32:26","date_gmt":"2019-05-30T09:32:26","guid":{"rendered":"http:\/\/mbsr-janinaegert.de\/?page_id=34"},"modified":"2019-05-30T17:29:19","modified_gmt":"2019-05-30T17:29:19","slug":"was-bewirkt-achtsamkeit","status":"publish","type":"page","link":"http:\/\/mbsr-janinaegert.de\/?page_id=34","title":{"rendered":"Was bewirkt Achtsamkeit"},"content":{"rendered":"\n<p>Die \u00dcbung der Achtsamkeit hat vielf\u00e4ltige positive Auswirkungen auf das geistige und k\u00f6rperliche Wohlbefinden. Generell f\u00fchrt sie zu einer st\u00e4rkeren Integration der Pers\u00f6nlichkeit. Es entsteht die F\u00e4higkeit mit schwierigen Situationen und den eigenen Reaktionen darauf besser umzugehen. Die F\u00e4higkeit schneller in die Gegenwart zur\u00fcck zu kehren wirkt sich entlastend auf die psychische Konstitution aus, dr\u00e4ngende Probleme werden als weniger \u00fcberw\u00e4ltigend wahrgenommen. Gleichzeitig \u00f6ffnet sich der Blick f\u00fcr die Sch\u00f6nheit des Lebens, die in jedem Augenblick vorhanden ist.<\/p>\n\n\n\n<p>Es gibt zahlreiche Studien, die eine positive Wirkung von MBSR nachweisen.<br>\nViele Kursteilnehmer\/innen erfahren:<\/p>\n\n\n\n<p>\u2022 eine gesteigerte F\u00e4higkeit, mit stressausl\u00f6senden Situationen umzugehen,<br> \u2022 eine klare Wahrnehmung der Komponenten einer Stresssituation und gr\u00f6\u00dfere F\u00e4higkeiten die eigene Reaktion darauf zu beeinflussen<br> \u2022 verminderte k\u00f6rperliche und psychische Krankheitssymptome,<br> \u2022 eine St\u00e4rkung des Immunsystems,<br> \u2022 eine Verbesserung der Konzentrationsf\u00e4higkeit und der F\u00e4higkeit zu entspannen,<br> \u2022 besseren Schlaf,<br> \u2022 wachsendes Vertrauen in sich selbst und Selbst-Akzeptanz,<br> \u2022 mehr Gelassenheit und Lebensfreude. <\/p>\n\n\n<p><a href=\"http:\/\/mbsr-janinaegert.de\/wp-content\/uploads\/2019\/05\/alle-berichte-MBSR_Febr-2018.pdf\" target=\"_blank\" rel=\"noopener noreferrer\">Berichte von Teilnehmer\/innen<\/a><\/p>\n\n\n<p><\/p>\n","protected":false},"excerpt":{"rendered":"<p>Die \u00dcbung der Achtsamkeit hat vielf\u00e4ltige positive Auswirkungen auf das geistige und k\u00f6rperliche Wohlbefinden. Generell f\u00fchrt sie zu einer st\u00e4rkeren &hellip; <\/p>\n<p><a href=\"http:\/\/mbsr-janinaegert.de\/?page_id=34\" class=\"more-link\">Weiterlesen<\/a><\/p>\n","protected":false},"author":1,"featured_media":98,"parent":0,"menu_order":0,"comment_status":"closed","ping_status":"closed","template":"","meta":[],"_links":{"self":[{"href":"http:\/\/mbsr-janinaegert.de\/index.php?rest_route=\/wp\/v2\/pages\/34"}],"collection":[{"href":"http:\/\/mbsr-janinaegert.de\/index.php?rest_route=\/wp\/v2\/pages"}],"about":[{"href":"http:\/\/mbsr-janinaegert.de\/index.php?rest_route=\/wp\/v2\/types\/page"}],"author":[{"embeddable":true,"href":"http:\/\/mbsr-janinaegert.de\/index.php?rest_route=\/wp\/v2\/users\/1"}],"replies":[{"embeddable":true,"href":"http:\/\/mbsr-janinaegert.de\/index.php?rest_route=%2Fwp%2Fv2%2Fcomments&post=34"}],"version-history":[{"count":7,"href":"http:\/\/mbsr-janinaegert.de\/index.php?rest_route=\/wp\/v2\/pages\/34\/revisions"}],"predecessor-version":[{"id":101,"href":"http:\/\/mbsr-janinaegert.de\/index.php?rest_route=\/wp\/v2\/pages\/34\/revisions\/101"}],"wp:featuredmedia":[{"embeddable":true,"href":"http:\/\/mbsr-janinaegert.de\/index.php?rest_route=\/wp\/v2\/media\/98"}],"wp:attachment":[{"href":"http:\/\/mbsr-janinaegert.de\/index.php?rest_route=%2Fwp%2Fv2%2Fmedia&parent=34"}],"curies":[{"name":"wp","href":"https:\/\/api.w.org\/{rel}","templated":true}]}}