{"id":36,"date":"2019-05-30T09:34:38","date_gmt":"2019-05-30T09:34:38","guid":{"rendered":"http:\/\/mbsr-janinaegert.de\/?page_id=36"},"modified":"2019-05-30T09:34:38","modified_gmt":"2019-05-30T09:34:38","slug":"zielgruppen","status":"publish","type":"page","link":"http:\/\/mbsr-janinaegert.de\/?page_id=36","title":{"rendered":"Zielgruppen"},"content":{"rendered":"\n<p><\/p>\n\n\n\n<p>Das Training richtet sich an Menschen:<\/p>\n\n\n\n<p>\u2022 in fordernden \/ belastenden pers\u00f6nlichen, famili\u00e4ren oder beruflichen <br>   Lebensumst\u00e4nden<br> \u2022 mit innerer Unruhe<br> \u2022 mit akuten oder chronischen gesundheitlichen Beschwerden<br> \u2022 mit Schmerzen,<br> \u2022 psychosomatischen Beschwerden,<br> \u2022 Burnout-Syndrom<br> \u2022 mit Konzentrationsschw\u00e4che und Schlaflosigkeit,<br> \u2022 mit \u00c4ngsten,<br> \u2022 die bewusster und selbstverantwortlicher leben wollen<br> \u2022 die generell an einem Achtsamkeitstraining interessiert sind und <br>   Meditation erlernen wollen<\/p>\n","protected":false},"excerpt":{"rendered":"<p>Das Training richtet sich an Menschen: \u2022 in fordernden \/ belastenden pers\u00f6nlichen, famili\u00e4ren oder beruflichen Lebensumst\u00e4nden \u2022 mit innerer Unruhe &hellip; <\/p>\n<p><a href=\"http:\/\/mbsr-janinaegert.de\/?page_id=36\" class=\"more-link\">Weiterlesen<\/a><\/p>\n","protected":false},"author":1,"featured_media":0,"parent":0,"menu_order":0,"comment_status":"closed","ping_status":"closed","template":"","meta":[],"_links":{"self":[{"href":"http:\/\/mbsr-janinaegert.de\/index.php?rest_route=\/wp\/v2\/pages\/36"}],"collection":[{"href":"http:\/\/mbsr-janinaegert.de\/index.php?rest_route=\/wp\/v2\/pages"}],"about":[{"href":"http:\/\/mbsr-janinaegert.de\/index.php?rest_route=\/wp\/v2\/types\/page"}],"author":[{"embeddable":true,"href":"http:\/\/mbsr-janinaegert.de\/index.php?rest_route=\/wp\/v2\/users\/1"}],"replies":[{"embeddable":true,"href":"http:\/\/mbsr-janinaegert.de\/index.php?rest_route=%2Fwp%2Fv2%2Fcomments&post=36"}],"version-history":[{"count":1,"href":"http:\/\/mbsr-janinaegert.de\/index.php?rest_route=\/wp\/v2\/pages\/36\/revisions"}],"predecessor-version":[{"id":37,"href":"http:\/\/mbsr-janinaegert.de\/index.php?rest_route=\/wp\/v2\/pages\/36\/revisions\/37"}],"wp:attachment":[{"href":"http:\/\/mbsr-janinaegert.de\/index.php?rest_route=%2Fwp%2Fv2%2Fmedia&parent=36"}],"curies":[{"name":"wp","href":"https:\/\/api.w.org\/{rel}","templated":true}]}}