{"id":40,"date":"2019-05-30T09:42:49","date_gmt":"2019-05-30T09:42:49","guid":{"rendered":"http:\/\/mbsr-janinaegert.de\/?page_id=40"},"modified":"2019-05-30T09:44:47","modified_gmt":"2019-05-30T09:44:47","slug":"links-literatur","status":"publish","type":"page","link":"http:\/\/mbsr-janinaegert.de\/?page_id=40","title":{"rendered":"Links \/ Literatur"},"content":{"rendered":"\n<p>Institut f\u00fcr Achtsamkeit: <a href=\"http:\/\/www.institut-fuer-achtsamkeit.de\">www.inst<\/a><a href=\"http:\/\/www.institut-fuer-achtsamkeit.de\" target=\"_blank\" rel=\"noreferrer noopener\" aria-label=\"itut-fuer-achtsamkeit.de (\u00f6ffnet in neuem Tab)\">itut-fuer-achtsamkeit.de<\/a><\/p>\n\n\n\n<p>MBSR Freiburg: <a href=\"http:\/\/www.mbsr-freiburg.de\" target=\"_blank\" rel=\"noreferrer noopener\" aria-label=\"www.mbsr-freiburg.de (\u00f6ffnet in neuem Tab)\">www.mbsr-freiburg.de<\/a><\/p>\n\n\n\n<p>Arbor-Verlag: www.arbor-verlag.de<\/p>\n\n\n\n<p>MBSR-Verband: <a href=\"http:\/\/www.mbsr-verband.de\" target=\"_blank\" rel=\"noreferrer noopener\" aria-label=\"www.mbsr-verband.de (\u00f6ffnet in neuem Tab)\">www.mbsr-verband.de<\/a><\/p>\n\n\n\n<p>Zentrum f\u00fcr Achtsamkeit der Universit\u00e4t von Massachusetts (USA):<br><a href=\"http:\/\/www.umassmed.edu\/cfm\/index.aspx\" target=\"_blank\" rel=\"noreferrer noopener\" aria-label=\"www.umassmed.edu\/cfm\/index.aspx (\u00f6ffnet in neuem Tab)\">www.umassmed.edu\/cfm\/index.aspx<\/a><\/p>\n\n\n\n<p><strong>Haftungshinweis:<\/strong><br>Trotz sorgf\u00e4ltiger inhaltlicher Kontrolle \u00fcbernehme ich keine Haftung f\u00fcr die Inhalte externer Links. F\u00fcr den Inhalt der verlinkten Seiten sind ausschlie\u00dflich deren Betreiber verantwortlich.<\/p>\n\n\n\n<h2><strong>Literatur<\/strong><\/h2>\n\n\n\n<p>Jon Kabat-Zinn: Gesund durch Meditation. Das gro\u00dfe Buch der Selbstheilung<br>Frankfurt: Fischer<\/p>\n\n\n\n<p>Jon Kabat-Zinn: Im Alltag Ruhe finden. Das umfassende praktische Meditationsprogramm<br>Freiburg: Herder<\/p>\n\n\n\n<p>Jon Kabat-Zinn, Myla Kabat-Zinn: Mit Kindern wachsen. Die Praxis der Achtsamkeit in der Familie<\/p>\n\n\n\n<p>Jon Kabat-Zinn, Ulrike Kesper-Grossman: Die heilende Kraft der Achtsamkeit, Buch und CD, Freiamt: Arbor-Verlag<\/p>\n\n\n\n<p>Saki Santorelli: Zerbrochen und doch ganz. Die heilende Kraft der Achtsamkeit<br>Freiamt: Arbor-Verlag<\/p>\n","protected":false},"excerpt":{"rendered":"<p>Institut f\u00fcr Achtsamkeit: www.institut-fuer-achtsamkeit.de MBSR Freiburg: www.mbsr-freiburg.de Arbor-Verlag: www.arbor-verlag.de MBSR-Verband: www.mbsr-verband.de Zentrum f\u00fcr Achtsamkeit der Universit\u00e4t von Massachusetts (USA):www.umassmed.edu\/cfm\/index.aspx Haftungshinweis:Trotz &hellip; <\/p>\n<p><a href=\"http:\/\/mbsr-janinaegert.de\/?page_id=40\" class=\"more-link\">Weiterlesen<\/a><\/p>\n","protected":false},"author":1,"featured_media":0,"parent":0,"menu_order":0,"comment_status":"closed","ping_status":"closed","template":"","meta":[],"_links":{"self":[{"href":"http:\/\/mbsr-janinaegert.de\/index.php?rest_route=\/wp\/v2\/pages\/40"}],"collection":[{"href":"http:\/\/mbsr-janinaegert.de\/index.php?rest_route=\/wp\/v2\/pages"}],"about":[{"href":"http:\/\/mbsr-janinaegert.de\/index.php?rest_route=\/wp\/v2\/types\/page"}],"author":[{"embeddable":true,"href":"http:\/\/mbsr-janinaegert.de\/index.php?rest_route=\/wp\/v2\/users\/1"}],"replies":[{"embeddable":true,"href":"http:\/\/mbsr-janinaegert.de\/index.php?rest_route=%2Fwp%2Fv2%2Fcomments&post=40"}],"version-history":[{"count":2,"href":"http:\/\/mbsr-janinaegert.de\/index.php?rest_route=\/wp\/v2\/pages\/40\/revisions"}],"predecessor-version":[{"id":42,"href":"http:\/\/mbsr-janinaegert.de\/index.php?rest_route=\/wp\/v2\/pages\/40\/revisions\/42"}],"wp:attachment":[{"href":"http:\/\/mbsr-janinaegert.de\/index.php?rest_route=%2Fwp%2Fv2%2Fmedia&parent=40"}],"curies":[{"name":"wp","href":"https:\/\/api.w.org\/{rel}","templated":true}]}}