{"id":63,"date":"2019-05-30T14:24:03","date_gmt":"2019-05-30T14:24:03","guid":{"rendered":"http:\/\/mbsr-janinaegert.de\/?page_id=63"},"modified":"2019-05-30T14:27:24","modified_gmt":"2019-05-30T14:27:24","slug":"ueber-mbsr","status":"publish","type":"page","link":"http:\/\/mbsr-janinaegert.de\/?page_id=63","title":{"rendered":"\u00fcber MBSR"},"content":{"rendered":"\n<p>Stressbew\u00e4ltigung durch Achtsamkeit &#8211; mindfulness based stress reduction (MBSR)<\/p>\n\n\n\n<p>wurde vor 35 Jahren von Jon Kabat-Zinn an der Klinik der Universit\u00e4t Massachusetts (USA) entwickelt. Heute wird Stressbew\u00e4ltigung durch Achtsamkeit an \u00fcber 250 Kliniken und Gesundheitszentren in den USA erfolgreich angewendet. In Deutschland und anderen europ\u00e4ischen L\u00e4ndern w\u00e4chst das Interesse an MBSR und das Programm findet zunehmend Verbreitung.<\/p>\n\n\n\n<p>Das MBSR- Programm beinhaltet drei Grund\u00fcbungen: achtsame K\u00f6rperwahrnehmung (Body-Scan), sanfte Yoga\u00fcbungen und Meditation. Diese werden im Verlauf des Programms erlernt und einge\u00fcbt. Die \u00dcbungserfahrungen werden in der Gruppe besprochen.<br>Weitere Bestandteile des Kurses sind das \u00dcben von Achtsamkeit im Alltag, die Beobachtung von konkreten Stressituationen und die eigene Reaktion darauf sowie der achtsame Umgang damit.<\/p>\n\n\n\n<p>Im Verlauf des Kurses gibt es Kurzvortr\u00e4ge und Gruppengespr\u00e4che zu den Themen:<br> \u2022 wie nehme ich wahr<br> \u2022 was ist Stress und wie kann ich meine Stressreaktion positiv beeinflussen<br> \u2022 Selbstakzeptanz<br> \u2022 Umgang mit stressversch\u00e4rfenden Gedanken<br> \u2022 Umgang mit schwierigen Gef\u00fchlen wie z.B. \u00c4rger und Wut, Angst, Unruhe, Traurigkeit, Hilflosigkeit\u2026<br> \u2022 achtsame Kommunikation<\/p>\n\n\n\n<p>Das Programm basiert auf der \u00dcbung von Achtsamkeit. Die Schulung der Wahrnehmung durch konkretes \u00dcben im Unterricht und zu Hause steht dabei im Mittelpunkt. Alle theoretischen Beitr\u00e4ge sind praxisorientiert. Sie sind mit den praktischen \u00dcbungen in einer solchen Weise verbunden, dass die F\u00e4higkeit zur Selbstreflexion gef\u00f6rdert wird. Dadurch k\u00f6nnen die Teilnehmer\/innen in zunehmendem Ma\u00dfe M\u00f6glichkeiten f\u00fcr einen kreativen Umgang mit stressausl\u00f6senden Situationen entdecken.<\/p>\n","protected":false},"excerpt":{"rendered":"<p>Stressbew\u00e4ltigung durch Achtsamkeit &#8211; mindfulness based stress reduction (MBSR) wurde vor 35 Jahren von Jon Kabat-Zinn an der Klinik der &hellip; <\/p>\n<p><a href=\"http:\/\/mbsr-janinaegert.de\/?page_id=63\" class=\"more-link\">Weiterlesen<\/a><\/p>\n","protected":false},"author":1,"featured_media":70,"parent":0,"menu_order":0,"comment_status":"closed","ping_status":"closed","template":"","meta":[],"_links":{"self":[{"href":"http:\/\/mbsr-janinaegert.de\/index.php?rest_route=\/wp\/v2\/pages\/63"}],"collection":[{"href":"http:\/\/mbsr-janinaegert.de\/index.php?rest_route=\/wp\/v2\/pages"}],"about":[{"href":"http:\/\/mbsr-janinaegert.de\/index.php?rest_route=\/wp\/v2\/types\/page"}],"author":[{"embeddable":true,"href":"http:\/\/mbsr-janinaegert.de\/index.php?rest_route=\/wp\/v2\/users\/1"}],"replies":[{"embeddable":true,"href":"http:\/\/mbsr-janinaegert.de\/index.php?rest_route=%2Fwp%2Fv2%2Fcomments&post=63"}],"version-history":[{"count":1,"href":"http:\/\/mbsr-janinaegert.de\/index.php?rest_route=\/wp\/v2\/pages\/63\/revisions"}],"predecessor-version":[{"id":64,"href":"http:\/\/mbsr-janinaegert.de\/index.php?rest_route=\/wp\/v2\/pages\/63\/revisions\/64"}],"wp:featuredmedia":[{"embeddable":true,"href":"http:\/\/mbsr-janinaegert.de\/index.php?rest_route=\/wp\/v2\/media\/70"}],"wp:attachment":[{"href":"http:\/\/mbsr-janinaegert.de\/index.php?rest_route=%2Fwp%2Fv2%2Fmedia&parent=63"}],"curies":[{"name":"wp","href":"https:\/\/api.w.org\/{rel}","templated":true}]}}